{"id":41,"date":"2016-01-18T13:29:32","date_gmt":"2016-01-18T13:29:32","guid":{"rendered":"http:\/\/www.hoermann-its.de\/?page_id=41"},"modified":"2017-07-25T20:42:16","modified_gmt":"2017-07-25T19:42:16","slug":"sonderformate","status":"publish","type":"page","link":"https:\/\/www.cell-engineering.de\/de\/sonderformate\/","title":{"rendered":"Sonderformate"},"content":{"rendered":"<div class=\"wpb-content-wrapper\">[vc_row el_class=&#8220;mll&#8220;][vc_column width=&#8220;1\/1&#8243; offset=&#8220;vc_col-lg-9 vc_col-md-9 vc_col-xs-12&#8243; el_class=&#8220;main-content&#8220;][vc_column_text]\n<h2>Vollautomatischer Zuschnitt von Sonderformaten f\u00fcr kleine und mittlere St\u00fcckzahlen<\/h2>\n<p>Zellen aus kristallinem Ausgangsmaterial k\u00f6nnen wir in automatisiertem Prozess nach Ihren Vorgaben schneiden. Wir garantieren h\u00f6chste Qualit\u00e4tsstandards bei der Zuverl\u00e4ssigkeit. Die optische Erscheinung im Modul wird bei jeder Fertigung vorab gepr\u00fcft und mit Ihnen abgestimmt. Wir fertigen ab einer St\u00fcckzahl von einer Zelle f\u00fcr den Sonderbedarf bis zu mittleren St\u00fcckzahlen f\u00fcr Kleinserien.<\/p>\n<p><img loading=\"lazy\" decoding=\"async\" class=\"aligncenter wp-image-279 size-full\" src=\"http:\/\/www.cell-engineering.de\/wp-content\/uploads\/2016\/02\/ITS-Sonderformate-02.jpg\" alt=\"ITS-Sonderformate-02\" width=\"1920\" height=\"1000\" srcset=\"https:\/\/www.cell-engineering.de\/wp-content\/uploads\/2016\/02\/ITS-Sonderformate-02.jpg 1920w, https:\/\/www.cell-engineering.de\/wp-content\/uploads\/2016\/02\/ITS-Sonderformate-02-300x156.jpg 300w, https:\/\/www.cell-engineering.de\/wp-content\/uploads\/2016\/02\/ITS-Sonderformate-02-768x400.jpg 768w, https:\/\/www.cell-engineering.de\/wp-content\/uploads\/2016\/02\/ITS-Sonderformate-02-1024x533.jpg 1024w\" sizes=\"auto, (max-width: 1920px) 100vw, 1920px\" \/>[\/vc_column_text][\/vc_column][vc_column width=&#8220;1\/4&#8243; offset=&#8220;vc_col-lg-3 vc_col-md-3 vc_hidden-sm vc_hidden-xs&#8220; el_class=&#8220;aside-content&#8220;][vc_column_text]\n<h2>Anfrage von Sonderformaten:<\/h2>\n<p><a href=\"http:\/\/www.cell-engineering.de\/kontakt\/\">Kontakt<\/a>[\/vc_column_text][\/vc_column][\/vc_row]\n<\/div>","protected":false},"excerpt":{"rendered":"<p>[vc_row el_class=&#8220;mll&#8220;][vc_column width=&#8220;1\/1&#8243; offset=&#8220;vc_col-lg-9 vc_col-md-9 vc_col-xs-12&#8243; el_class=&#8220;main-content&#8220;][vc_column_text] Vollautomatischer Zuschnitt von Sonderformaten f\u00fcr kleine und mittlere St\u00fcckzahlen Zellen aus kristallinem Ausgangsmaterial k\u00f6nnen wir in automatisiertem Prozess nach Ihren Vorgaben schneiden. Wir garantieren h\u00f6chste Qualit\u00e4tsstandards bei der Zuverl\u00e4ssigkeit. Die optische Erscheinung im Modul wird bei jeder Fertigung vorab gepr\u00fcft und mit Ihnen abgestimmt. Wir fertigen ab einer&hellip;<\/p>\n","protected":false},"author":1,"featured_media":0,"parent":0,"menu_order":0,"comment_status":"closed","ping_status":"closed","template":"","meta":{"footnotes":""},"class_list":["post-41","page","type-page","status-publish","hentry","entry","no-media"],"_links":{"self":[{"href":"https:\/\/www.cell-engineering.de\/de\/wp-json\/wp\/v2\/pages\/41","targetHints":{"allow":["GET"]}}],"collection":[{"href":"https:\/\/www.cell-engineering.de\/de\/wp-json\/wp\/v2\/pages"}],"about":[{"href":"https:\/\/www.cell-engineering.de\/de\/wp-json\/wp\/v2\/types\/page"}],"author":[{"embeddable":true,"href":"https:\/\/www.cell-engineering.de\/de\/wp-json\/wp\/v2\/users\/1"}],"replies":[{"embeddable":true,"href":"https:\/\/www.cell-engineering.de\/de\/wp-json\/wp\/v2\/comments?post=41"}],"version-history":[{"count":24,"href":"https:\/\/www.cell-engineering.de\/de\/wp-json\/wp\/v2\/pages\/41\/revisions"}],"predecessor-version":[{"id":573,"href":"https:\/\/www.cell-engineering.de\/de\/wp-json\/wp\/v2\/pages\/41\/revisions\/573"}],"wp:attachment":[{"href":"https:\/\/www.cell-engineering.de\/de\/wp-json\/wp\/v2\/media?parent=41"}],"curies":[{"name":"wp","href":"https:\/\/api.w.org\/{rel}","templated":true}]}}