{"id":510,"date":"2017-05-17T05:51:03","date_gmt":"2017-05-17T05:51:03","guid":{"rendered":"http:\/\/www.hoermann-its.de\/?page_id=510"},"modified":"2017-07-25T20:43:28","modified_gmt":"2017-07-25T19:43:28","slug":"cell-engineering-2","status":"publish","type":"page","link":"https:\/\/www.cell-engineering.de\/de\/cell-engineering-2\/","title":{"rendered":"Cell Engineering"},"content":{"rendered":"<div class=\"wpb-content-wrapper\">[vc_row el_class=&#8220;mll&#8220;][vc_column width=&#8220;1\/1&#8243; offset=&#8220;vc_col-lg-9 vc_col-md-9 vc_col-xs-12&#8243; el_class=&#8220;main-content&#8220;][vc_column_text]\n<h2>Leistungs- und Zuverl\u00e4ssigkeitsoptimierung<\/h2>\n<p>CE Cell Engineering GmbH ist ein Technologieunternehmen mit dem Fokus auf Veredelungsprozessen f\u00fcr kristalline Solarzellen. Schwerpunkt ist die Entwicklung von laserbasierten Verfahren zur Leistungs- und Zuverl\u00e4ssigkeitsoptimierung.<\/p>\n<p>Wir verwenden laserbasierte Verfahren:<br \/>\n\u2013 um schadhafte Bereiche auf Zellen zu isolieren<br \/>\n\u2013 um eine fehlerhafte R\u00fcckseitenpassivierung zu verbessern<br \/>\n\u2013 um Serienwiderstands-Verluste von Zellen zu minimieren<\/p>\n<p><img loading=\"lazy\" decoding=\"async\" class=\"aligncenter wp-image-549 size-full\" src=\"http:\/\/www.cell-engineering.de\/wp-content\/uploads\/2017\/07\/ITS-Dienstleistungen-02.jpg\" alt=\"\" width=\"1920\" height=\"1000\" srcset=\"https:\/\/www.cell-engineering.de\/wp-content\/uploads\/2017\/07\/ITS-Dienstleistungen-02.jpg 1920w, https:\/\/www.cell-engineering.de\/wp-content\/uploads\/2017\/07\/ITS-Dienstleistungen-02-300x156.jpg 300w, https:\/\/www.cell-engineering.de\/wp-content\/uploads\/2017\/07\/ITS-Dienstleistungen-02-768x400.jpg 768w, https:\/\/www.cell-engineering.de\/wp-content\/uploads\/2017\/07\/ITS-Dienstleistungen-02-1024x533.jpg 1024w\" sizes=\"auto, (max-width: 1920px) 100vw, 1920px\" \/>[\/vc_column_text][\/vc_column][vc_column width=&#8220;1\/4&#8243; offset=&#8220;vc_col-lg-3 vc_col-md-3 vc_hidden-sm vc_hidden-xs&#8220; el_class=&#8220;aside-content&#8220;][vc_column_text]\n<h2>Dies k\u00f6nnte Sie auch interessieren:<\/h2>\n<p><a href=\"http:\/\/www.cell-engineering.de\/sonderformate\/\">Sonderformate<\/a><\/p>\n[\/vc_column_text][\/vc_column][\/vc_row]\n<\/div>","protected":false},"excerpt":{"rendered":"<p>[vc_row el_class=&#8220;mll&#8220;][vc_column width=&#8220;1\/1&#8243; offset=&#8220;vc_col-lg-9 vc_col-md-9 vc_col-xs-12&#8243; el_class=&#8220;main-content&#8220;][vc_column_text] Leistungs- und Zuverl\u00e4ssigkeitsoptimierung CE Cell Engineering GmbH ist ein Technologieunternehmen mit dem Fokus auf Veredelungsprozessen f\u00fcr kristalline Solarzellen. Schwerpunkt ist die Entwicklung von laserbasierten Verfahren zur Leistungs- und Zuverl\u00e4ssigkeitsoptimierung. Wir verwenden laserbasierte Verfahren: \u2013 um schadhafte Bereiche auf Zellen zu isolieren \u2013 um eine fehlerhafte R\u00fcckseitenpassivierung zu verbessern&hellip;<\/p>\n","protected":false},"author":1,"featured_media":0,"parent":0,"menu_order":0,"comment_status":"closed","ping_status":"closed","template":"","meta":{"footnotes":""},"class_list":["post-510","page","type-page","status-publish","hentry","entry","no-media"],"_links":{"self":[{"href":"https:\/\/www.cell-engineering.de\/de\/wp-json\/wp\/v2\/pages\/510","targetHints":{"allow":["GET"]}}],"collection":[{"href":"https:\/\/www.cell-engineering.de\/de\/wp-json\/wp\/v2\/pages"}],"about":[{"href":"https:\/\/www.cell-engineering.de\/de\/wp-json\/wp\/v2\/types\/page"}],"author":[{"embeddable":true,"href":"https:\/\/www.cell-engineering.de\/de\/wp-json\/wp\/v2\/users\/1"}],"replies":[{"embeddable":true,"href":"https:\/\/www.cell-engineering.de\/de\/wp-json\/wp\/v2\/comments?post=510"}],"version-history":[{"count":3,"href":"https:\/\/www.cell-engineering.de\/de\/wp-json\/wp\/v2\/pages\/510\/revisions"}],"predecessor-version":[{"id":570,"href":"https:\/\/www.cell-engineering.de\/de\/wp-json\/wp\/v2\/pages\/510\/revisions\/570"}],"wp:attachment":[{"href":"https:\/\/www.cell-engineering.de\/de\/wp-json\/wp\/v2\/media?parent=510"}],"curies":[{"name":"wp","href":"https:\/\/api.w.org\/{rel}","templated":true}]}}